{"id":64,"date":"2012-08-28T14:59:45","date_gmt":"2012-08-28T12:59:45","guid":{"rendered":"http:\/\/kantine26.de\/sha\/?page_id=64"},"modified":"2018-04-09T20:51:21","modified_gmt":"2018-04-09T18:51:21","slug":"impressum","status":"publish","type":"page","link":"https:\/\/kantine26.de\/sha\/impressum\/","title":{"rendered":"Impressum"},"content":{"rendered":"<div class=\"wpb_text_column wpb_content_element \">\n<div class=\"wpb_wrapper\">\n<div id=\"content1\">\n<p>Angaben gem\u00e4\u00df \u00a7 5 TMG:<\/p>\n<p>Kantine Schw\u00e4bisch Hall GmbH<br \/>\nSeckendorffallee 19-21<br \/>\n74564 Crailsheim-Erkenbrechtshausen<br \/>\nGERMANY<\/p>\n<p>Telefon: +49 7954 \/ 92 690 0<br \/>\nTelefax: +49 7954 \/ 92 690 11<\/p>\n<p><a href=\"http:\/\/www.kantine26.de\" target=\"_blank\" rel=\"noopener\">\u00a0www.kantine26.de<\/a><br \/>\neMail: info(at)kantine26.de<\/p>\n<p>USt-IDNr. DE270750582<br \/>\nAmtsgericht Ulm, HRB 724705<br \/>\nSitz: Crailsheim<br \/>\nGesch\u00e4ftsf\u00fchrer: Steffen Kn\u00f6dler<\/p>\n<p>Club Anschrift:<\/p>\n<p>Kantine Live &amp; Club Schw\u00e4bisch Hall<br \/>\nAlfred-Leikam-Strasse 7<br \/>\n74523 Schw\u00e4bisch Hall<\/p>\n<p><strong>Verantwortlich f\u00fcr den Inhalt nach \u00a7 55 Abs. 2 RStV:<\/strong><\/p>\n<p>Steffen Kn\u00f6dler<\/p>\n<p>Kantine Schw\u00e4bisch Hall GmbH<br \/>\nSeckendorffallee 19-21<br \/>\n74564 Crailsheim-Erkenbrechtshausen<br \/>\nGERMANY<\/p>\n<p>&nbsp;<\/p>\n<p>Fotos:<br \/>\neigenes Archiv.<\/p>\n<p>Haftung f\u00fcr Inhalte<\/p>\n<p>Als Diensteanbieter sind wir gem\u00e4\u00df \u00a7 7 Abs.1 TMG f\u00fcr eigene Inhalte auf diesen Seiten nach den allgemeinen Gesetzen verantwortlich. Nach \u00a7\u00a7 8 bis 10 TMG sind wir als Diensteanbieter jedoch nicht verpflichtet, \u00fcbermittelte oder gespeicherte fremde Informationen zu \u00fcberwachen oder nach Umst\u00e4nden zu forschen, die auf eine rechtswidrige T\u00e4tigkeit hinweisen.<\/p>\n<p>Verpflichtungen zur Entfernung oder Sperrung der Nutzung von Informationen nach den allgemeinen Gesetzen bleiben hiervon unber\u00fchrt. Eine diesbez\u00fcgliche Haftung ist jedoch erst ab dem Zeitpunkt der Kenntnis einer konkreten Rechtsverletzung m\u00f6glich. Bei Bekanntwerden von entsprechenden Rechtsverletzungen werden wir diese Inhalte umgehend entfernen.<\/p>\n<p>Haftung f\u00fcr Links<\/p>\n<p>Unser Angebot enth\u00e4lt Links zu externen Websites Dritter, auf deren Inhalte wir keinen Einfluss haben. Deshalb k\u00f6nnen wir f\u00fcr diese fremden Inhalte auch keine Gew\u00e4hr \u00fcbernehmen. F\u00fcr die Inhalte der verlinkten Seiten ist stets der jeweilige Anbieter oder Betreiber der Seiten verantwortlich. Die verlinkten Seiten wurden zum Zeitpunkt der Verlinkung auf m\u00f6gliche Rechtsverst\u00f6\u00dfe \u00fcberpr\u00fcft. Rechtswidrige Inhalte waren zum Zeitpunkt der Verlinkung nicht erkennbar.<\/p>\n<p>Eine permanente inhaltliche Kontrolle der verlinkten Seiten ist jedoch ohne konkrete Anhaltspunkte einer Rechtsverletzung nicht zumutbar. Bei Bekanntwerden von Rechtsverletzungen werden wir derartige Links umgehend entfernen.<\/p>\n<p>Urheberrecht<\/p>\n<p>Die durch die Seitenbetreiber erstellten Inhalte und Werke auf diesen Seiten unterliegen dem deutschen Urheberrecht. Die Vervielf\u00e4ltigung, Bearbeitung, Verbreitung und jede Art der Verwertung au\u00dferhalb der Grenzen des Urheberrechtes bed\u00fcrfen der schriftlichen Zustimmung des jeweiligen Autors bzw. Erstellers. Downloads und Kopien dieser Seite sind nur f\u00fcr den privaten, nicht kommerziellen Gebrauch gestattet.<\/p>\n<p>Soweit die Inhalte auf dieser Seite nicht vom Betreiber erstellt wurden, werden die Urheberrechte Dritter beachtet. Insbesondere werden Inhalte Dritter als solche gekennzeichnet. Sollten Sie trotzdem auf eine Urheberrechtsverletzung aufmerksam werden, bitten wir um einen entsprechenden Hinweis. Bei Bekanntwerden von Rechtsverletzungen werden wir derartige Inhalte umgehend entfernen.<\/p>\n<p>Informationen zur Online-Streitbeilegung:Die EU-Kommission hat eine Internetplattform zur Online-Beilegung von Streitigkeiten geschaffen. Die Plattform dient als Anlaufstelle zur au\u00dfergerichtlichen Beilegung von Streitigkeiten betreffend vertragliche Verpflichtungen, die aus Online-Kaufvertr\u00e4gen erwachsen. Der Kunde kann die Plat<\/p>\n<p>tform unter dem folgenden Link erreichen: <a class=\"moz-txt-link-freetext\" href=\"http:\/\/ec.europa.eu\/consumers\/odr\">http:\/\/ec.europa.eu\/consumers\/odr<\/a><br \/>\nUnsere Email-Adresse lautet: <a class=\"moz-txt-link-abbreviated\" href=\"mailto:info@kantine26.de\">info@kantine26.de<\/a><br \/>\nWir teilen gem. \u00a7 36 Verbraucherstreitbeilegungsgesetz (VSBG) mit, dass wir nicht an einem Streitbeilegungsverfahren vor einer Verbraucherschlichtungsstelle im Sinne des VSBG teilnehmen werden und hierzu auch nicht verpflichtet sind.<\/p>\n<\/div>\n<\/div>\n<\/div>\n","protected":false},"excerpt":{"rendered":"","protected":false},"author":1,"featured_media":0,"parent":0,"menu_order":0,"comment_status":"closed","ping_status":"open","template":"","meta":{"footnotes":""},"class_list":["post-64","page","type-page","status-publish","hentry"],"_links":{"self":[{"href":"https:\/\/kantine26.de\/sha\/wp-json\/wp\/v2\/pages\/64"}],"collection":[{"href":"https:\/\/kantine26.de\/sha\/wp-json\/wp\/v2\/pages"}],"about":[{"href":"https:\/\/kantine26.de\/sha\/wp-json\/wp\/v2\/types\/page"}],"author":[{"embeddable":true,"href":"https:\/\/kantine26.de\/sha\/wp-json\/wp\/v2\/users\/1"}],"replies":[{"embeddable":true,"href":"https:\/\/kantine26.de\/sha\/wp-json\/wp\/v2\/comments?post=64"}],"version-history":[{"count":21,"href":"https:\/\/kantine26.de\/sha\/wp-json\/wp\/v2\/pages\/64\/revisions"}],"predecessor-version":[{"id":7712,"href":"https:\/\/kantine26.de\/sha\/wp-json\/wp\/v2\/pages\/64\/revisions\/7712"}],"wp:attachment":[{"href":"https:\/\/kantine26.de\/sha\/wp-json\/wp\/v2\/media?parent=64"}],"curies":[{"name":"wp","href":"https:\/\/api.w.org\/{rel}","templated":true}]}}